{"id":7,"date":"2021-11-26T06:42:30","date_gmt":"2021-11-26T06:42:30","guid":{"rendered":"http:\/\/adblue.com.pl\/?page_id=7"},"modified":"2022-06-05T07:25:54","modified_gmt":"2022-06-05T07:25:54","slug":"adblue-strona-glowna","status":"publish","type":"page","link":"https:\/\/adblue.com.pl\/","title":{"rendered":""},"content":{"rendered":"\t\t<div data-elementor-type=\"wp-page\" data-elementor-id=\"7\" class=\"elementor elementor-7\" data-elementor-settings=\"[]\">\n\t\t\t\t\t\t\t<div class=\"elementor-section-wrap\">\n\t\t\t\t\t\t\t<section class=\"elementor-section elementor-top-section elementor-element elementor-element-3954574 elementor-section-full_width elementor-section-height-default elementor-section-height-default\" data-id=\"3954574\" data-element_type=\"section\" data-settings=\"{&quot;background_background&quot;:&quot;classic&quot;}\">\n\t\t\t\t\t\t<div class=\"elementor-container elementor-column-gap-default\">\n\t\t\t\t\t<div class=\"elementor-column elementor-col-100 elementor-top-column elementor-element elementor-element-576f829\" data-id=\"576f829\" data-element_type=\"column\">\n\t\t\t<div class=\"elementor-widget-wrap elementor-element-populated\">\n\t\t\t\t\t\t\t\t<section class=\"elementor-section elementor-inner-section elementor-element elementor-element-be17ad4 elementor-section-full_width elementor-section-height-default elementor-section-height-default\" data-id=\"be17ad4\" data-element_type=\"section\">\n\t\t\t\t\t\t<div class=\"elementor-container elementor-column-gap-default\">\n\t\t\t\t\t<div class=\"elementor-column elementor-col-100 elementor-inner-column elementor-element elementor-element-be8f9a3\" data-id=\"be8f9a3\" data-element_type=\"column\">\n\t\t\t<div class=\"elementor-widget-wrap elementor-element-populated\">\n\t\t\t\t\t\t\t\t<div class=\"elementor-element elementor-element-60feb49 elementor-widget elementor-widget-image\" data-id=\"60feb49\" data-element_type=\"widget\" data-widget_type=\"image.default\">\n\t\t\t\t<div class=\"elementor-widget-container\">\n\t\t\t\t\t\t\t\t\t\t\t\t\t\t\t<img decoding=\"async\" src=\"https:\/\/adblue.com.pl\/wp-content\/uploads\/2021\/11\/adblue.jpg\" title=\"adblue\" alt=\"adblue\" \/>\t\t\t\t\t\t\t\t\t\t\t\t\t\t\t<\/div>\n\t\t\t\t<\/div>\n\t\t\t\t\t<\/div>\n\t\t<\/div>\n\t\t\t\t\t\t\t<\/div>\n\t\t<\/section>\n\t\t\t\t\t<\/div>\n\t\t<\/div>\n\t\t\t\t\t\t\t<\/div>\n\t\t<\/section>\n\t\t\t\t<section class=\"elementor-section elementor-top-section elementor-element elementor-element-0cdc6a0 elementor-section-full_width elementor-section-height-default elementor-section-height-default\" data-id=\"0cdc6a0\" data-element_type=\"section\" data-settings=\"{&quot;background_background&quot;:&quot;classic&quot;}\">\n\t\t\t\t\t\t<div class=\"elementor-container elementor-column-gap-default\">\n\t\t\t\t\t<div class=\"elementor-column elementor-col-50 elementor-top-column elementor-element elementor-element-ede933f\" data-id=\"ede933f\" data-element_type=\"column\" data-settings=\"{&quot;background_background&quot;:&quot;classic&quot;}\">\n\t\t\t<div class=\"elementor-widget-wrap elementor-element-populated\">\n\t\t\t\t\t\t\t\t<section class=\"elementor-section elementor-inner-section elementor-element elementor-element-91e4679 elementor-section-boxed elementor-section-height-default elementor-section-height-default\" data-id=\"91e4679\" data-element_type=\"section\">\n\t\t\t\t\t\t<div class=\"elementor-container elementor-column-gap-default\">\n\t\t\t\t\t<div class=\"elementor-column elementor-col-100 elementor-inner-column elementor-element elementor-element-a825b06\" data-id=\"a825b06\" data-element_type=\"column\" data-settings=\"{&quot;background_background&quot;:&quot;classic&quot;}\">\n\t\t\t<div class=\"elementor-widget-wrap elementor-element-populated\">\n\t\t\t\t\t\t\t\t<div class=\"elementor-element elementor-element-0ddda72 elementor-widget elementor-widget-heading\" data-id=\"0ddda72\" data-element_type=\"widget\" data-widget_type=\"heading.default\">\n\t\t\t\t<div class=\"elementor-widget-container\">\n\t\t\t<h2 class=\"elementor-heading-title elementor-size-default\"><br><br>Co to jest  AdBlue<span id=\"span-425-25180\" class=\"ct-span oxy-stock-content-styles\">\u00ae<\/span> ?<br><\/h2>\t\t<\/div>\n\t\t\t\t<\/div>\n\t\t\t\t\t<\/div>\n\t\t<\/div>\n\t\t\t\t\t\t\t<\/div>\n\t\t<\/section>\n\t\t\t\t<div class=\"elementor-element elementor-element-3816cc4 elementor-widget elementor-widget-text-editor\" data-id=\"3816cc4\" data-element_type=\"widget\" data-widget_type=\"text-editor.default\">\n\t\t\t\t<div class=\"elementor-widget-container\">\n\t\t\t\t\t\t\t<p>\u00a0<\/p><p>AdBlue\u00ae to p\u0142yn oczyszczaj\u0105cy spaliny. Nie jest dodatkiem do paliwa, lecz p\u0142ynem, kt\u00f3ry miesza si\u0119 ze spalinami. AdBlue<span id=\"span-425-25180\" class=\"ct-span oxy-stock-content-styles\">\u00ae<\/span> znajduje si\u0119 w osobnym zbiorniku, zwykle zabezpieczonym niebiesk\u0105 nakr\u0119tk\u0105. Mo\u017ce wyst\u0119powa\u0107 obok wlewu paliwa, w baga\u017cniku lub pod mask\u0105.<\/p>\t\t\t\t\t\t<\/div>\n\t\t\t\t<\/div>\n\t\t\t\t\t<\/div>\n\t\t<\/div>\n\t\t\t\t<div class=\"elementor-column elementor-col-50 elementor-top-column elementor-element elementor-element-c6b2b29\" data-id=\"c6b2b29\" data-element_type=\"column\">\n\t\t\t<div class=\"elementor-widget-wrap elementor-element-populated\">\n\t\t\t\t\t\t\t\t<div class=\"elementor-element elementor-element-16335bd elementor-invisible elementor-widget elementor-widget-image\" data-id=\"16335bd\" data-element_type=\"widget\" data-settings=\"{&quot;_animation&quot;:&quot;slideInRight&quot;,&quot;_animation_delay&quot;:100}\" data-widget_type=\"image.default\">\n\t\t\t\t<div class=\"elementor-widget-container\">\n\t\t\t\t\t\t\t\t\t\t\t\t\t\t\t<img loading=\"lazy\" decoding=\"async\" width=\"900\" height=\"600\" src=\"https:\/\/adblue.com.pl\/wp-content\/uploads\/2021\/11\/why-kei-8e2gal_GIE8-unsplash-1024x683.jpg\" class=\"elementor-animation-float attachment-large size-large\" alt=\"\" srcset=\"https:\/\/adblue.com.pl\/wp-content\/uploads\/2021\/11\/why-kei-8e2gal_GIE8-unsplash-1024x683.jpg 1024w, https:\/\/adblue.com.pl\/wp-content\/uploads\/2021\/11\/why-kei-8e2gal_GIE8-unsplash-300x200.jpg 300w, https:\/\/adblue.com.pl\/wp-content\/uploads\/2021\/11\/why-kei-8e2gal_GIE8-unsplash-768x512.jpg 768w, https:\/\/adblue.com.pl\/wp-content\/uploads\/2021\/11\/why-kei-8e2gal_GIE8-unsplash-1536x1024.jpg 1536w, https:\/\/adblue.com.pl\/wp-content\/uploads\/2021\/11\/why-kei-8e2gal_GIE8-unsplash-2048x1366.jpg 2048w\" sizes=\"auto, (max-width: 900px) 100vw, 900px\" \/>\t\t\t\t\t\t\t\t\t\t\t\t\t\t\t<\/div>\n\t\t\t\t<\/div>\n\t\t\t\t\t<\/div>\n\t\t<\/div>\n\t\t\t\t\t\t\t<\/div>\n\t\t<\/section>\n\t\t\t\t<section class=\"elementor-section elementor-top-section elementor-element elementor-element-8145e34 elementor-section-full_width elementor-section-height-default elementor-section-height-default\" data-id=\"8145e34\" data-element_type=\"section\" data-settings=\"{&quot;background_background&quot;:&quot;classic&quot;}\">\n\t\t\t\t\t\t<div class=\"elementor-container elementor-column-gap-default\">\n\t\t\t\t\t<div class=\"elementor-column elementor-col-50 elementor-top-column elementor-element elementor-element-de66901\" data-id=\"de66901\" data-element_type=\"column\" data-settings=\"{&quot;background_background&quot;:&quot;classic&quot;}\">\n\t\t\t<div class=\"elementor-widget-wrap elementor-element-populated\">\n\t\t\t\t\t\t\t\t<section class=\"elementor-section elementor-inner-section elementor-element elementor-element-8e14d00 elementor-section-boxed elementor-section-height-default elementor-section-height-default\" data-id=\"8e14d00\" data-element_type=\"section\">\n\t\t\t\t\t\t<div class=\"elementor-container elementor-column-gap-default\">\n\t\t\t\t\t<div class=\"elementor-column elementor-col-100 elementor-inner-column elementor-element elementor-element-b687ab2\" data-id=\"b687ab2\" data-element_type=\"column\">\n\t\t\t<div class=\"elementor-widget-wrap elementor-element-populated\">\n\t\t\t\t\t\t\t\t<div class=\"elementor-element elementor-element-4359d8d elementor-widget elementor-widget-heading\" data-id=\"4359d8d\" data-element_type=\"widget\" data-widget_type=\"heading.default\">\n\t\t\t\t<div class=\"elementor-widget-container\">\n\t\t\t<h2 class=\"elementor-heading-title elementor-size-default\"><br><br>Jak dzia\u0142a  AdBlue<span id=\"span-425-25180\" class=\"ct-span oxy-stock-content-styles\">\u00ae<\/span> ?<br><\/h2>\t\t<\/div>\n\t\t\t\t<\/div>\n\t\t\t\t\t<\/div>\n\t\t<\/div>\n\t\t\t\t\t\t\t<\/div>\n\t\t<\/section>\n\t\t\t\t<div class=\"elementor-element elementor-element-0e29eac elementor-widget elementor-widget-text-editor\" data-id=\"0e29eac\" data-element_type=\"widget\" data-widget_type=\"text-editor.default\">\n\t\t\t\t<div class=\"elementor-widget-container\">\n\t\t\t\t\t\t\t<p>\u00a0<\/p><p>Niewielka ilo\u015b\u0107 p\u0142ynu AdBlue<span id=\"span-425-25180\" class=\"ct-span oxy-stock-content-styles\">\u00ae<\/span> jest wtryskiwana do spalin w uk\u0142adzie wydechowym. Pod wp\u0142ywem wysokiej temperatury i mocznika szkodliwe tlenki azotu zmieniaj\u0105 si\u0119 w amoniak i dwutlenek w\u0119gla.<\/p><p>Spaliny trafiaj\u0105 nast\u0119pnie do uk\u0142adu selektywnej redukcji katalitycznej (SCR), w kt\u00f3rym wi\u0119kszo\u015b\u0107 tlenk\u00f3w azotu zamienia si\u0119 w nieszkodliwy azot i wod\u0119. Podobn\u0105 technologi\u0119 stosuje si\u0119 od lat w autobusach i samochodach ci\u0119\u017carowych.<\/p>\t\t\t\t\t\t<\/div>\n\t\t\t\t<\/div>\n\t\t\t\t\t<\/div>\n\t\t<\/div>\n\t\t\t\t<div class=\"elementor-column elementor-col-50 elementor-top-column elementor-element elementor-element-fd34427\" data-id=\"fd34427\" data-element_type=\"column\">\n\t\t\t<div class=\"elementor-widget-wrap elementor-element-populated\">\n\t\t\t\t\t\t\t\t<div class=\"elementor-element elementor-element-e6a719f elementor-invisible elementor-widget elementor-widget-image\" data-id=\"e6a719f\" data-element_type=\"widget\" data-settings=\"{&quot;_animation&quot;:&quot;slideInRight&quot;,&quot;_animation_delay&quot;:100}\" data-widget_type=\"image.default\">\n\t\t\t\t<div class=\"elementor-widget-container\">\n\t\t\t\t\t\t\t\t\t\t\t\t\t\t\t<img loading=\"lazy\" decoding=\"async\" width=\"900\" height=\"600\" src=\"https:\/\/adblue.com.pl\/wp-content\/uploads\/2021\/11\/auto-repair-3691962_1920-1024x683.jpg\" class=\"elementor-animation-float attachment-large size-large\" alt=\"\" srcset=\"https:\/\/adblue.com.pl\/wp-content\/uploads\/2021\/11\/auto-repair-3691962_1920-1024x683.jpg 1024w, https:\/\/adblue.com.pl\/wp-content\/uploads\/2021\/11\/auto-repair-3691962_1920-300x200.jpg 300w, https:\/\/adblue.com.pl\/wp-content\/uploads\/2021\/11\/auto-repair-3691962_1920-768x512.jpg 768w, https:\/\/adblue.com.pl\/wp-content\/uploads\/2021\/11\/auto-repair-3691962_1920-1536x1024.jpg 1536w, https:\/\/adblue.com.pl\/wp-content\/uploads\/2021\/11\/auto-repair-3691962_1920.jpg 1920w\" sizes=\"auto, (max-width: 900px) 100vw, 900px\" \/>\t\t\t\t\t\t\t\t\t\t\t\t\t\t\t<\/div>\n\t\t\t\t<\/div>\n\t\t\t\t\t<\/div>\n\t\t<\/div>\n\t\t\t\t\t\t\t<\/div>\n\t\t<\/section>\n\t\t\t\t<section class=\"elementor-section elementor-top-section elementor-element elementor-element-0bd2857 elementor-section-full_width elementor-section-height-default elementor-section-height-default\" data-id=\"0bd2857\" data-element_type=\"section\" data-settings=\"{&quot;background_background&quot;:&quot;classic&quot;}\">\n\t\t\t\t\t\t<div class=\"elementor-container elementor-column-gap-default\">\n\t\t\t\t\t<div class=\"elementor-column elementor-col-50 elementor-top-column elementor-element elementor-element-7010f78\" data-id=\"7010f78\" data-element_type=\"column\" data-settings=\"{&quot;background_background&quot;:&quot;classic&quot;}\">\n\t\t\t<div class=\"elementor-widget-wrap elementor-element-populated\">\n\t\t\t\t\t\t\t\t<section class=\"elementor-section elementor-inner-section elementor-element elementor-element-caa56cd elementor-section-boxed elementor-section-height-default elementor-section-height-default\" data-id=\"caa56cd\" data-element_type=\"section\">\n\t\t\t\t\t\t<div class=\"elementor-container elementor-column-gap-default\">\n\t\t\t\t\t<div class=\"elementor-column elementor-col-100 elementor-inner-column elementor-element elementor-element-a351b0a\" data-id=\"a351b0a\" data-element_type=\"column\">\n\t\t\t<div class=\"elementor-widget-wrap elementor-element-populated\">\n\t\t\t\t\t\t\t\t<div class=\"elementor-element elementor-element-340a45a elementor-widget elementor-widget-heading\" data-id=\"340a45a\" data-element_type=\"widget\" data-widget_type=\"heading.default\">\n\t\t\t\t<div class=\"elementor-widget-container\">\n\t\t\t<h2 class=\"elementor-heading-title elementor-size-default\"><br><br>Zbiornik  AdBlue<span id=\"span-425-25180\" class=\"ct-span oxy-stock-content-styles\">\u00ae<\/span> <br><\/h2>\t\t<\/div>\n\t\t\t\t<\/div>\n\t\t\t\t\t<\/div>\n\t\t<\/div>\n\t\t\t\t\t\t\t<\/div>\n\t\t<\/section>\n\t\t\t\t<div class=\"elementor-element elementor-element-e1d7e6b elementor-widget elementor-widget-text-editor\" data-id=\"e1d7e6b\" data-element_type=\"widget\" data-widget_type=\"text-editor.default\">\n\t\t\t\t<div class=\"elementor-widget-container\">\n\t\t\t\t\t\t\t<p>\u00a0<\/p><p>Zbiorniki na AdBlue\u00ae maj\u0105 zwykle kilkana\u015bcie litr\u00f3w pojemno\u015bci. Gdy system wysy\u0142a ostrze\u017cenia, najbezpieczniej jest wla\u0107 10 litr\u00f3w AdBlue\u00ae. Taka ilo\u015b\u0107 wystarczy na przejechanie minimum 10 tys. kilometr\u00f3w, a kierowcy da pewno\u015b\u0107, \u017ce nie przekroczy on maksymalnego poziomu AdBlue<span id=\"span-425-25180\" class=\"ct-span oxy-stock-content-styles\">\u00ae<\/span> w zbiorniku.<\/p>\t\t\t\t\t\t<\/div>\n\t\t\t\t<\/div>\n\t\t\t\t\t<\/div>\n\t\t<\/div>\n\t\t\t\t<div class=\"elementor-column elementor-col-50 elementor-top-column elementor-element elementor-element-a6e8d1a\" data-id=\"a6e8d1a\" data-element_type=\"column\">\n\t\t\t<div class=\"elementor-widget-wrap elementor-element-populated\">\n\t\t\t\t\t\t\t\t<div class=\"elementor-element elementor-element-f5e868f elementor-invisible elementor-widget elementor-widget-image\" data-id=\"f5e868f\" data-element_type=\"widget\" data-settings=\"{&quot;_animation&quot;:&quot;slideInRight&quot;,&quot;_animation_delay&quot;:100}\" data-widget_type=\"image.default\">\n\t\t\t\t<div class=\"elementor-widget-container\">\n\t\t\t\t\t\t\t\t\t\t\t\t\t\t\t<img loading=\"lazy\" decoding=\"async\" width=\"900\" height=\"533\" src=\"https:\/\/adblue.com.pl\/wp-content\/uploads\/2021\/11\/2015_Audi_Q3_2.0_TDI_quattro_Facelift_Typ_8U_Tankeinfuellstutzen_AdBlue-1024x607.jpg\" class=\"elementor-animation-float attachment-large size-large\" alt=\"\" srcset=\"https:\/\/adblue.com.pl\/wp-content\/uploads\/2021\/11\/2015_Audi_Q3_2.0_TDI_quattro_Facelift_Typ_8U_Tankeinfuellstutzen_AdBlue-1024x607.jpg 1024w, https:\/\/adblue.com.pl\/wp-content\/uploads\/2021\/11\/2015_Audi_Q3_2.0_TDI_quattro_Facelift_Typ_8U_Tankeinfuellstutzen_AdBlue-300x178.jpg 300w, https:\/\/adblue.com.pl\/wp-content\/uploads\/2021\/11\/2015_Audi_Q3_2.0_TDI_quattro_Facelift_Typ_8U_Tankeinfuellstutzen_AdBlue-768x455.jpg 768w, https:\/\/adblue.com.pl\/wp-content\/uploads\/2021\/11\/2015_Audi_Q3_2.0_TDI_quattro_Facelift_Typ_8U_Tankeinfuellstutzen_AdBlue-1536x911.jpg 1536w, https:\/\/adblue.com.pl\/wp-content\/uploads\/2021\/11\/2015_Audi_Q3_2.0_TDI_quattro_Facelift_Typ_8U_Tankeinfuellstutzen_AdBlue.jpg 2000w\" sizes=\"auto, (max-width: 900px) 100vw, 900px\" \/>\t\t\t\t\t\t\t\t\t\t\t\t\t\t\t<\/div>\n\t\t\t\t<\/div>\n\t\t\t\t\t<\/div>\n\t\t<\/div>\n\t\t\t\t\t\t\t<\/div>\n\t\t<\/section>\n\t\t\t\t<section class=\"elementor-section elementor-top-section elementor-element elementor-element-4154912 elementor-section-full_width elementor-section-height-default elementor-section-height-default\" data-id=\"4154912\" data-element_type=\"section\" data-settings=\"{&quot;background_background&quot;:&quot;classic&quot;}\">\n\t\t\t\t\t\t<div class=\"elementor-container elementor-column-gap-default\">\n\t\t\t\t\t<div class=\"elementor-column elementor-col-50 elementor-top-column elementor-element elementor-element-29d2388\" data-id=\"29d2388\" data-element_type=\"column\" data-settings=\"{&quot;background_background&quot;:&quot;classic&quot;}\">\n\t\t\t<div class=\"elementor-widget-wrap elementor-element-populated\">\n\t\t\t\t\t\t\t\t<section class=\"elementor-section elementor-inner-section elementor-element elementor-element-3e8b131 elementor-section-boxed elementor-section-height-default elementor-section-height-default\" data-id=\"3e8b131\" data-element_type=\"section\">\n\t\t\t\t\t\t<div class=\"elementor-container elementor-column-gap-default\">\n\t\t\t\t\t<div class=\"elementor-column elementor-col-100 elementor-inner-column elementor-element elementor-element-581b6d1\" data-id=\"581b6d1\" data-element_type=\"column\">\n\t\t\t<div class=\"elementor-widget-wrap elementor-element-populated\">\n\t\t\t\t\t\t\t\t<div class=\"elementor-element elementor-element-a1f5f15 elementor-widget elementor-widget-heading\" data-id=\"a1f5f15\" data-element_type=\"widget\" data-widget_type=\"heading.default\">\n\t\t\t\t<div class=\"elementor-widget-container\">\n\t\t\t<h2 class=\"elementor-heading-title elementor-size-default\"><br><br>Kiedy dola\u0107  AdBlue<span id=\"span-425-25180\" class=\"ct-span oxy-stock-content-styles\">\u00ae<\/span> ?<\/h2>\t\t<\/div>\n\t\t\t\t<\/div>\n\t\t\t\t\t<\/div>\n\t\t<\/div>\n\t\t\t\t\t\t\t<\/div>\n\t\t<\/section>\n\t\t\t\t<div class=\"elementor-element elementor-element-b89163e elementor-widget elementor-widget-text-editor\" data-id=\"b89163e\" data-element_type=\"widget\" data-widget_type=\"text-editor.default\">\n\t\t\t\t<div class=\"elementor-widget-container\">\n\t\t\t\t\t\t\t<p>\u00a0<\/p><p>Gdy system wykryje, \u017ce p\u0142ynu zaczyna ju\u017c brakowa\u0107, lub ten si\u0119 sko\u0144czy\u0142, prze\u0142\u0105cza silnik w tryb awaryjny, a po zgaszeniu silnika jego ponowne uruchomienie mo\u017ce by\u0107 niemo\u017cliwe. Wtedy czeka nas holowanie i kosztowna wizyta w stacji ASO. Warto zatem zawczasu uzupe\u0142nia\u0107 p\u0142yn AdBlue<span id=\"span-425-25180\" class=\"ct-span oxy-stock-content-styles\">\u00ae<\/span><\/p>\t\t\t\t\t\t<\/div>\n\t\t\t\t<\/div>\n\t\t\t\t\t<\/div>\n\t\t<\/div>\n\t\t\t\t<div class=\"elementor-column elementor-col-50 elementor-top-column elementor-element elementor-element-f781e34\" data-id=\"f781e34\" data-element_type=\"column\">\n\t\t\t<div class=\"elementor-widget-wrap elementor-element-populated\">\n\t\t\t\t\t\t\t\t<div class=\"elementor-element elementor-element-9ec3235 elementor-invisible elementor-widget elementor-widget-image\" data-id=\"9ec3235\" data-element_type=\"widget\" data-settings=\"{&quot;_animation&quot;:&quot;slideInRight&quot;,&quot;_animation_delay&quot;:100}\" data-widget_type=\"image.default\">\n\t\t\t\t<div class=\"elementor-widget-container\">\n\t\t\t\t\t\t\t\t\t\t\t\t\t\t\t<img loading=\"lazy\" decoding=\"async\" width=\"900\" height=\"600\" src=\"https:\/\/adblue.com.pl\/wp-content\/uploads\/2021\/11\/red-warning-triangle-and-broken-car-at-the-side-of-the-road-picjumbo-com-1024x683.jpg\" class=\"elementor-animation-float attachment-large size-large\" alt=\"\" srcset=\"https:\/\/adblue.com.pl\/wp-content\/uploads\/2021\/11\/red-warning-triangle-and-broken-car-at-the-side-of-the-road-picjumbo-com-1024x683.jpg 1024w, https:\/\/adblue.com.pl\/wp-content\/uploads\/2021\/11\/red-warning-triangle-and-broken-car-at-the-side-of-the-road-picjumbo-com-300x200.jpg 300w, https:\/\/adblue.com.pl\/wp-content\/uploads\/2021\/11\/red-warning-triangle-and-broken-car-at-the-side-of-the-road-picjumbo-com-768x512.jpg 768w, https:\/\/adblue.com.pl\/wp-content\/uploads\/2021\/11\/red-warning-triangle-and-broken-car-at-the-side-of-the-road-picjumbo-com-1536x1024.jpg 1536w, https:\/\/adblue.com.pl\/wp-content\/uploads\/2021\/11\/red-warning-triangle-and-broken-car-at-the-side-of-the-road-picjumbo-com-2048x1366.jpg 2048w\" sizes=\"auto, (max-width: 900px) 100vw, 900px\" \/>\t\t\t\t\t\t\t\t\t\t\t\t\t\t\t<\/div>\n\t\t\t\t<\/div>\n\t\t\t\t\t<\/div>\n\t\t<\/div>\n\t\t\t\t\t\t\t<\/div>\n\t\t<\/section>\n\t\t\t\t<section class=\"elementor-section elementor-top-section elementor-element elementor-element-f0cadfc elementor-section-full_width elementor-section-height-default elementor-section-height-default\" data-id=\"f0cadfc\" data-element_type=\"section\" data-settings=\"{&quot;background_background&quot;:&quot;classic&quot;}\">\n\t\t\t\t\t\t<div class=\"elementor-container elementor-column-gap-default\">\n\t\t\t\t\t<div class=\"elementor-column elementor-col-50 elementor-top-column elementor-element elementor-element-572d15b\" data-id=\"572d15b\" data-element_type=\"column\" data-settings=\"{&quot;background_background&quot;:&quot;classic&quot;}\">\n\t\t\t<div class=\"elementor-widget-wrap elementor-element-populated\">\n\t\t\t\t\t\t\t\t<section class=\"elementor-section elementor-inner-section elementor-element elementor-element-0c3a143 elementor-section-boxed elementor-section-height-default elementor-section-height-default\" data-id=\"0c3a143\" data-element_type=\"section\">\n\t\t\t\t\t\t<div class=\"elementor-container elementor-column-gap-default\">\n\t\t\t\t\t<div class=\"elementor-column elementor-col-100 elementor-inner-column elementor-element elementor-element-ed50b63\" data-id=\"ed50b63\" data-element_type=\"column\">\n\t\t\t<div class=\"elementor-widget-wrap elementor-element-populated\">\n\t\t\t\t\t\t\t\t<div class=\"elementor-element elementor-element-1b88b9f elementor-widget elementor-widget-heading\" data-id=\"1b88b9f\" data-element_type=\"widget\" data-widget_type=\"heading.default\">\n\t\t\t\t<div class=\"elementor-widget-container\">\n\t\t\t<h2 class=\"elementor-heading-title elementor-size-default\"><br><br>Gdzie szuka\u0107 wlewu   AdBlue<span id=\"span-425-25180\" class=\"ct-span oxy-stock-content-styles\">\u00ae<\/span> ?<br><\/h2>\t\t<\/div>\n\t\t\t\t<\/div>\n\t\t\t\t\t<\/div>\n\t\t<\/div>\n\t\t\t\t\t\t\t<\/div>\n\t\t<\/section>\n\t\t\t\t<div class=\"elementor-element elementor-element-0baf14e elementor-widget elementor-widget-text-editor\" data-id=\"0baf14e\" data-element_type=\"widget\" data-widget_type=\"text-editor.default\">\n\t\t\t\t<div class=\"elementor-widget-container\">\n\t\t\t\t\t\t\t<p><\/p>\n<p>Otw\u00f3r do uzupe\u0142niania AdBlue<span id=\"span-425-25180\" class=\"ct-span oxy-stock-content-styles\">\u00ae<\/span> najcz\u0119\u015bciej znajduje si\u0119 pod klapk\u0105 wlewu paliwa lub w komorze silnika. W niekt\u00f3rych przypadkach nale\u017cy go jednak szuka\u0107 w baga\u017cniku, na bocznej \u015bcianie lub we wn\u0119ce ko\u0142a zapasowego. W razie w\u0105tpliwo\u015bci informacje na temat lokalizacji wlewu mo\u017cna znale\u017a\u0107 w instrukcji obs\u0142ugi.<\/p>\t\t\t\t\t\t<\/div>\n\t\t\t\t<\/div>\n\t\t\t\t\t<\/div>\n\t\t<\/div>\n\t\t\t\t<div class=\"elementor-column elementor-col-50 elementor-top-column elementor-element elementor-element-c770322\" data-id=\"c770322\" data-element_type=\"column\">\n\t\t\t<div class=\"elementor-widget-wrap elementor-element-populated\">\n\t\t\t\t\t\t\t\t<div class=\"elementor-element elementor-element-30316a7 elementor-invisible elementor-widget elementor-widget-image\" data-id=\"30316a7\" data-element_type=\"widget\" data-settings=\"{&quot;_animation&quot;:&quot;slideInRight&quot;,&quot;_animation_delay&quot;:100}\" data-widget_type=\"image.default\">\n\t\t\t\t<div class=\"elementor-widget-container\">\n\t\t\t\t\t\t\t\t\t\t\t\t\t\t\t<img loading=\"lazy\" decoding=\"async\" width=\"900\" height=\"600\" src=\"https:\/\/adblue.com.pl\/wp-content\/uploads\/2021\/11\/big-160434436185ed4b-1024x683.jpg\" class=\"elementor-animation-float attachment-large size-large\" alt=\"\" srcset=\"https:\/\/adblue.com.pl\/wp-content\/uploads\/2021\/11\/big-160434436185ed4b-1024x683.jpg 1024w, https:\/\/adblue.com.pl\/wp-content\/uploads\/2021\/11\/big-160434436185ed4b-300x200.jpg 300w, https:\/\/adblue.com.pl\/wp-content\/uploads\/2021\/11\/big-160434436185ed4b-768x512.jpg 768w, https:\/\/adblue.com.pl\/wp-content\/uploads\/2021\/11\/big-160434436185ed4b.jpg 1200w\" sizes=\"auto, (max-width: 900px) 100vw, 900px\" \/>\t\t\t\t\t\t\t\t\t\t\t\t\t\t\t<\/div>\n\t\t\t\t<\/div>\n\t\t\t\t\t<\/div>\n\t\t<\/div>\n\t\t\t\t\t\t\t<\/div>\n\t\t<\/section>\n\t\t\t\t\t\t<\/div>\n\t\t\t\t\t<\/div>\n\t\t","protected":false},"excerpt":{"rendered":"\n<p>Co to jest  AdBlue\u00ae ?<br \/>\n\u00a0<br \/>\nAdBlue\u00ae to p\u0142yn oczyszczaj\u0105cy spaliny. Nie jest dodatkiem do paliwa, lecz p\u0142ynem, kt\u00f3ry miesza si\u0119 ze spalinami. AdBlue\u00ae znajduje si\u0119 w osobnym zbiorniku, zwykle zabezpieczonym &#8230;<\/p>\n","protected":false},"author":1,"featured_media":0,"parent":0,"menu_order":0,"comment_status":"closed","ping_status":"closed","template":"elementor_header_footer","meta":{"footnotes":""},"class_list":["post-7","page","type-page","status-publish","hentry"],"_links":{"self":[{"href":"https:\/\/adblue.com.pl\/index.php?rest_route=\/wp\/v2\/pages\/7","targetHints":{"allow":["GET"]}}],"collection":[{"href":"https:\/\/adblue.com.pl\/index.php?rest_route=\/wp\/v2\/pages"}],"about":[{"href":"https:\/\/adblue.com.pl\/index.php?rest_route=\/wp\/v2\/types\/page"}],"author":[{"embeddable":true,"href":"https:\/\/adblue.com.pl\/index.php?rest_route=\/wp\/v2\/users\/1"}],"replies":[{"embeddable":true,"href":"https:\/\/adblue.com.pl\/index.php?rest_route=%2Fwp%2Fv2%2Fcomments&post=7"}],"version-history":[{"count":75,"href":"https:\/\/adblue.com.pl\/index.php?rest_route=\/wp\/v2\/pages\/7\/revisions"}],"predecessor-version":[{"id":163,"href":"https:\/\/adblue.com.pl\/index.php?rest_route=\/wp\/v2\/pages\/7\/revisions\/163"}],"wp:attachment":[{"href":"https:\/\/adblue.com.pl\/index.php?rest_route=%2Fwp%2Fv2%2Fmedia&parent=7"}],"curies":[{"name":"wp","href":"https:\/\/api.w.org\/{rel}","templated":true}]}}